{"id":7,"date":"2022-09-20T02:08:44","date_gmt":"2022-09-20T02:08:44","guid":{"rendered":"https:\/\/www.neomax.hu\/?page_id=7"},"modified":"2025-03-13T13:22:29","modified_gmt":"2025-03-13T13:22:29","slug":"kezdolap","status":"publish","type":"page","link":"https:\/\/www.neomax.hu\/index.php\/kezdolap\/","title":{"rendered":"Ipari automatiz\u00e1l\u00e1s"},"content":{"rendered":"\r\n<p>Ipari automatiz\u00e1l\u00e1s Siemens eszk\u00f6z\u00f6kkel testre szabva.<\/p>\r\n\r\n\r\n\r\n<p>&nbsp;<\/p>\r\n\r\n\r\n\r\n<figure class=\"wp-block-image size-large is-resized\"><img loading=\"lazy\" decoding=\"async\" class=\"wp-image-40\" src=\"https:\/\/www.neomax.hu\/wp-content\/uploads\/2022\/09\/1542892885470-1024x576.jpeg\" alt=\"\" width=\"468\" height=\"263\" srcset=\"https:\/\/www.neomax.hu\/wp-content\/uploads\/2022\/09\/1542892885470-1024x576.jpeg 1024w, https:\/\/www.neomax.hu\/wp-content\/uploads\/2022\/09\/1542892885470-300x169.jpeg 300w, https:\/\/www.neomax.hu\/wp-content\/uploads\/2022\/09\/1542892885470-768x432.jpeg 768w, https:\/\/www.neomax.hu\/wp-content\/uploads\/2022\/09\/1542892885470.jpeg 1214w\" sizes=\"auto, (max-width: 468px) 100vw, 468px\" \/><\/figure>\r\n<p>&nbsp;<\/p>\r\n\r\n\r\n\r\n<p><strong>Ipari Automatiz\u00e1l\u00e1s Szolg\u00e1ltat\u00e1sok<\/strong><\/p>\r\n<p>C\u00e9g\u00fcnk az ipari automatiz\u00e1l\u00e1s \u00e9lvonal\u00e1ban \u00e1ll, \u00e9s elk\u00f6telezettek vagyunk az innovat\u00edv megold\u00e1sok mellett, amelyek seg\u00edtik \u00fcgyfeleinket a hat\u00e9konys\u00e1g n\u00f6vel\u00e9s\u00e9ben \u00e9s a k\u00f6lts\u00e9gek cs\u00f6kkent\u00e9s\u00e9ben. Sz\u00e9lesk\u00f6r\u0171 szolg\u00e1ltat\u00e1saink k\u00f6z\u00e9 tartozik:<\/p>\r\n<ul>\r\n<li>\r\n<p><strong>Tervez\u00e9s<\/strong>: \u00c1tfog\u00f3 megold\u00e1si javaslatokat k\u00e9sz\u00edt\u00fcnk, figyelembe v\u00e9ve az egyedi ig\u00e9nyeket \u00e9s az ipari k\u00f6rnyezetet.<\/p>\r\n<\/li>\r\n<li>\r\n<p><strong>\u00c1talak\u00edt\u00e1s<\/strong>: L\u00e9tez\u0151 rendszerek moderniz\u00e1l\u00e1sa \u00e9s optimaliz\u00e1l\u00e1sa, hogy a leg\u00fajabb technol\u00f3gi\u00e1kat alkalmazhassuk.<\/p>\r\n<\/li>\r\n<li>\r\n<p><strong>Szerv\u00edz<\/strong>: Folyamatos karbantart\u00e1ssal \u00e9s technikai t\u00e1mogat\u00e1ssal biztos\u00edtjuk a rendszerek z\u00f6kken\u0151mentes m\u0171k\u00f6d\u00e9s\u00e9t.<\/p>\r\n<\/li>\r\n<li>\r\n<p><strong>Kivitelez\u00e9s<\/strong>: A tervezett rendszerek prec\u00edz megval\u00f3s\u00edt\u00e1sa, a be\u00fczemel\u00e9st\u0151l kezdve a v\u00e9gs\u0151 tesztel\u00e9sig.<\/p>\r\n<\/li>\r\n<li>\r\n<p><strong>PLC programoz\u00e1s<\/strong>: Szak\u00e9rt\u0151i szint\u0171 PLC programoz\u00e1s, amely testre szabott megold\u00e1sokhoz vezet az automatiz\u00e1lt folyamatok optimaliz\u00e1l\u00e1s\u00e1hoz.<\/p>\r\n<\/li>\r\n<li>\r\n<p><strong>HDMI \u00e9s SCADA rendszerek fejleszt\u00e9se<\/strong>: Fejlett megjelen\u00edt\u00e9si \u00e9s ellen\u0151rz\u0151 rendszerek kialak\u00edt\u00e1sa az ipari folyamatok \u00e1tl\u00e1that\u00f3s\u00e1g\u00e1\u00e9rt.<\/p>\r\n<\/li>\r\n<li>\r\n<p><strong>IT rendszerek integr\u00e1ci\u00f3ja<\/strong>: Az automatiz\u00e1lt rendszerek \u00e9s informatikai megold\u00e1sok \u00f6sszekapcsol\u00e1sa a z\u00f6kken\u0151mentes m\u0171k\u00f6d\u00e9s \u00e9rdek\u00e9ben.<\/p>\r\n<\/li>\r\n<li>\r\n<p><strong>Hibafelt\u00e1r\u00e1s \u00e9s jav\u00edt\u00e1s<\/strong>: Gyors \u00e9s hat\u00e9kony hibakeres\u00e9s \u00e9s elh\u00e1r\u00edt\u00e1s, hogy minimaliz\u00e1ljuk a le\u00e1ll\u00e1sokat.<\/p>\r\n<\/li>\r\n<li>\r\n<p><strong>Rendszerfejleszt\u00e9s<\/strong>: Az ipari rendszerek folyamatos fejleszt\u00e9se, hogy l\u00e9p\u00e9st tartsanak a piaci ig\u00e9nyekkel.<\/p>\r\n<\/li>\r\n<li>\r\n<p><strong>Projekt alap\u00fa feladatok<\/strong>: Szem\u00e9lyre szabott megold\u00e1sok kidolgoz\u00e1sa aktu\u00e1lis projektek keretein bel\u00fcl.<\/p>\r\n<\/li>\r\n<li>\r\n<p><strong>Rendszerfel\u00fcgyelet<\/strong>: Folyamatos monitoroz\u00e1s \u00e9s fel\u00fcgyelet a rendszerek teljes\u00edtm\u00e9ny\u00e9nek jav\u00edt\u00e1sa \u00e9rdek\u00e9ben.<\/p>\r\n<\/li>\r\n<\/ul>\r\n<p>&nbsp;<\/p>\r\n","protected":false},"excerpt":{"rendered":"<p>Ipari automatiz\u00e1l\u00e1s Siemens eszk\u00f6z\u00f6kkel testre szabva. &nbsp; Ipari Automatiz\u00e1l\u00e1s Szolg\u00e1ltat\u00e1sok C\u00e9g\u00fcnk az ipari automatiz\u00e1l\u00e1s \u00e9lvonal\u00e1ban \u00e1ll, \u00e9s elk\u00f6telezettek vagyunk az innovat\u00edv megold\u00e1sok mellett, amelyek seg\u00edtik \u00fcgyfeleinket a hat\u00e9konys\u00e1g n\u00f6vel\u00e9s\u00e9ben \u00e9s a k\u00f6lts\u00e9gek cs\u00f6kkent\u00e9s\u00e9ben. Sz\u00e9lesk\u00f6r\u0171 szolg\u00e1ltat\u00e1saink k\u00f6z\u00e9 tartozik: Tervez\u00e9s: \u00c1tfog\u00f3 megold\u00e1si javaslatokat k\u00e9sz\u00edt\u00fcnk, figyelembe v\u00e9ve az egyedi ig\u00e9nyeket \u00e9s az ipari k\u00f6rnyezetet. \u00c1talak\u00edt\u00e1s: L\u00e9tez\u0151 rendszerek moderniz\u00e1l\u00e1sa [&hellip;]<\/p>\n","protected":false},"author":1,"featured_media":0,"parent":0,"menu_order":0,"comment_status":"closed","ping_status":"closed","template":"","meta":{"footnotes":""},"class_list":["post-7","page","type-page","status-publish","hentry"],"yoast_head":"<!-- This site is optimized with the Yoast SEO plugin v27.6 - https:\/\/yoast.com\/product\/yoast-seo-wordpress\/ -->\n<title>Ipari automatiz\u00e1l\u00e1s - Neomax<\/title>\n<meta name=\"robots\" content=\"index, follow, max-snippet:-1, max-image-preview:large, max-video-preview:-1\" \/>\n<link rel=\"canonical\" href=\"https:\/\/www.neomax.hu\/index.php\/kezdolap\/\" \/>\n<meta property=\"og:locale\" content=\"hu_HU\" \/>\n<meta property=\"og:type\" content=\"article\" \/>\n<meta property=\"og:title\" content=\"Ipari automatiz\u00e1l\u00e1s - Neomax\" \/>\n<meta property=\"og:description\" content=\"Ipari automatiz\u00e1l\u00e1s Siemens eszk\u00f6z\u00f6kkel testre szabva. &nbsp; Ipari Automatiz\u00e1l\u00e1s Szolg\u00e1ltat\u00e1sok C\u00e9g\u00fcnk az ipari automatiz\u00e1l\u00e1s \u00e9lvonal\u00e1ban \u00e1ll, \u00e9s elk\u00f6telezettek vagyunk az innovat\u00edv megold\u00e1sok mellett, amelyek seg\u00edtik \u00fcgyfeleinket a hat\u00e9konys\u00e1g n\u00f6vel\u00e9s\u00e9ben \u00e9s a k\u00f6lts\u00e9gek cs\u00f6kkent\u00e9s\u00e9ben. Sz\u00e9lesk\u00f6r\u0171 szolg\u00e1ltat\u00e1saink k\u00f6z\u00e9 tartozik: Tervez\u00e9s: \u00c1tfog\u00f3 megold\u00e1si javaslatokat k\u00e9sz\u00edt\u00fcnk, figyelembe v\u00e9ve az egyedi ig\u00e9nyeket \u00e9s az ipari k\u00f6rnyezetet. \u00c1talak\u00edt\u00e1s: L\u00e9tez\u0151 rendszerek moderniz\u00e1l\u00e1sa [&hellip;]\" \/>\n<meta property=\"og:url\" content=\"https:\/\/www.neomax.hu\/index.php\/kezdolap\/\" \/>\n<meta property=\"og:site_name\" content=\"Neomax\" \/>\n<meta property=\"article:modified_time\" content=\"2025-03-13T13:22:29+00:00\" \/>\n<meta property=\"og:image\" content=\"https:\/\/www.neomax.hu\/wp-content\/uploads\/2022\/09\/1542892885470.jpeg\" \/>\n\t<meta property=\"og:image:width\" content=\"1214\" \/>\n\t<meta property=\"og:image:height\" content=\"683\" \/>\n\t<meta property=\"og:image:type\" content=\"image\/jpeg\" \/>\n<meta name=\"twitter:card\" content=\"summary_large_image\" \/>\n<meta name=\"twitter:label1\" content=\"Becs\u00fclt olvas\u00e1si id\u0151\" \/>\n\t<meta name=\"twitter:data1\" content=\"2 perc\" \/>\n<script type=\"application\/ld+json\" class=\"yoast-schema-graph\">{\"@context\":\"https:\\\/\\\/schema.org\",\"@graph\":[{\"@type\":\"WebPage\",\"@id\":\"https:\\\/\\\/www.neomax.hu\\\/index.php\\\/kezdolap\\\/\",\"url\":\"https:\\\/\\\/www.neomax.hu\\\/index.php\\\/kezdolap\\\/\",\"name\":\"Ipari automatiz\u00e1l\u00e1s - Neomax\",\"isPartOf\":{\"@id\":\"https:\\\/\\\/www.neomax.hu\\\/#website\"},\"primaryImageOfPage\":{\"@id\":\"https:\\\/\\\/www.neomax.hu\\\/index.php\\\/kezdolap\\\/#primaryimage\"},\"image\":{\"@id\":\"https:\\\/\\\/www.neomax.hu\\\/index.php\\\/kezdolap\\\/#primaryimage\"},\"thumbnailUrl\":\"https:\\\/\\\/www.neomax.hu\\\/wp-content\\\/uploads\\\/2022\\\/09\\\/1542892885470-1024x576.jpeg\",\"datePublished\":\"2022-09-20T02:08:44+00:00\",\"dateModified\":\"2025-03-13T13:22:29+00:00\",\"breadcrumb\":{\"@id\":\"https:\\\/\\\/www.neomax.hu\\\/index.php\\\/kezdolap\\\/#breadcrumb\"},\"inLanguage\":\"hu\",\"potentialAction\":[{\"@type\":\"ReadAction\",\"target\":[\"https:\\\/\\\/www.neomax.hu\\\/index.php\\\/kezdolap\\\/\"]}]},{\"@type\":\"ImageObject\",\"inLanguage\":\"hu\",\"@id\":\"https:\\\/\\\/www.neomax.hu\\\/index.php\\\/kezdolap\\\/#primaryimage\",\"url\":\"https:\\\/\\\/www.neomax.hu\\\/wp-content\\\/uploads\\\/2022\\\/09\\\/1542892885470.jpeg\",\"contentUrl\":\"https:\\\/\\\/www.neomax.hu\\\/wp-content\\\/uploads\\\/2022\\\/09\\\/1542892885470.jpeg\",\"width\":1214,\"height\":683},{\"@type\":\"BreadcrumbList\",\"@id\":\"https:\\\/\\\/www.neomax.hu\\\/index.php\\\/kezdolap\\\/#breadcrumb\",\"itemListElement\":[{\"@type\":\"ListItem\",\"position\":1,\"name\":\"Kezd\u0151lap\",\"item\":\"https:\\\/\\\/www.neomax.hu\\\/\"},{\"@type\":\"ListItem\",\"position\":2,\"name\":\"Ipari automatiz\u00e1l\u00e1s\"}]},{\"@type\":\"WebSite\",\"@id\":\"https:\\\/\\\/www.neomax.hu\\\/#website\",\"url\":\"https:\\\/\\\/www.neomax.hu\\\/\",\"name\":\"Neomax\",\"description\":\"Kereskedelmi \u00e9s Szolg\u00e1ltat\u00f3 Kft.\",\"publisher\":{\"@id\":\"https:\\\/\\\/www.neomax.hu\\\/#organization\"},\"potentialAction\":[{\"@type\":\"SearchAction\",\"target\":{\"@type\":\"EntryPoint\",\"urlTemplate\":\"https:\\\/\\\/www.neomax.hu\\\/?s={search_term_string}\"},\"query-input\":{\"@type\":\"PropertyValueSpecification\",\"valueRequired\":true,\"valueName\":\"search_term_string\"}}],\"inLanguage\":\"hu\"},{\"@type\":\"Organization\",\"@id\":\"https:\\\/\\\/www.neomax.hu\\\/#organization\",\"name\":\"Neomax Kft\",\"url\":\"https:\\\/\\\/www.neomax.hu\\\/\",\"logo\":{\"@type\":\"ImageObject\",\"inLanguage\":\"hu\",\"@id\":\"https:\\\/\\\/www.neomax.hu\\\/#\\\/schema\\\/logo\\\/image\\\/\",\"url\":\"https:\\\/\\\/www.neomax.hu\\\/wp-content\\\/uploads\\\/2022\\\/09\\\/Neomax-logo-kek-2.png\",\"contentUrl\":\"https:\\\/\\\/www.neomax.hu\\\/wp-content\\\/uploads\\\/2022\\\/09\\\/Neomax-logo-kek-2.png\",\"width\":397,\"height\":44,\"caption\":\"Neomax Kft\"},\"image\":{\"@id\":\"https:\\\/\\\/www.neomax.hu\\\/#\\\/schema\\\/logo\\\/image\\\/\"}}]}<\/script>\n<!-- \/ Yoast SEO plugin. -->","yoast_head_json":{"title":"Ipari automatiz\u00e1l\u00e1s - Neomax","robots":{"index":"index","follow":"follow","max-snippet":"max-snippet:-1","max-image-preview":"max-image-preview:large","max-video-preview":"max-video-preview:-1"},"canonical":"https:\/\/www.neomax.hu\/index.php\/kezdolap\/","og_locale":"hu_HU","og_type":"article","og_title":"Ipari automatiz\u00e1l\u00e1s - Neomax","og_description":"Ipari automatiz\u00e1l\u00e1s Siemens eszk\u00f6z\u00f6kkel testre szabva. &nbsp; Ipari Automatiz\u00e1l\u00e1s Szolg\u00e1ltat\u00e1sok C\u00e9g\u00fcnk az ipari automatiz\u00e1l\u00e1s \u00e9lvonal\u00e1ban \u00e1ll, \u00e9s elk\u00f6telezettek vagyunk az innovat\u00edv megold\u00e1sok mellett, amelyek seg\u00edtik \u00fcgyfeleinket a hat\u00e9konys\u00e1g n\u00f6vel\u00e9s\u00e9ben \u00e9s a k\u00f6lts\u00e9gek cs\u00f6kkent\u00e9s\u00e9ben. Sz\u00e9lesk\u00f6r\u0171 szolg\u00e1ltat\u00e1saink k\u00f6z\u00e9 tartozik: Tervez\u00e9s: \u00c1tfog\u00f3 megold\u00e1si javaslatokat k\u00e9sz\u00edt\u00fcnk, figyelembe v\u00e9ve az egyedi ig\u00e9nyeket \u00e9s az ipari k\u00f6rnyezetet. \u00c1talak\u00edt\u00e1s: L\u00e9tez\u0151 rendszerek moderniz\u00e1l\u00e1sa [&hellip;]","og_url":"https:\/\/www.neomax.hu\/index.php\/kezdolap\/","og_site_name":"Neomax","article_modified_time":"2025-03-13T13:22:29+00:00","og_image":[{"width":1214,"height":683,"url":"https:\/\/www.neomax.hu\/wp-content\/uploads\/2022\/09\/1542892885470.jpeg","type":"image\/jpeg"}],"twitter_card":"summary_large_image","twitter_misc":{"Becs\u00fclt olvas\u00e1si id\u0151":"2 perc"},"schema":{"@context":"https:\/\/schema.org","@graph":[{"@type":"WebPage","@id":"https:\/\/www.neomax.hu\/index.php\/kezdolap\/","url":"https:\/\/www.neomax.hu\/index.php\/kezdolap\/","name":"Ipari automatiz\u00e1l\u00e1s - Neomax","isPartOf":{"@id":"https:\/\/www.neomax.hu\/#website"},"primaryImageOfPage":{"@id":"https:\/\/www.neomax.hu\/index.php\/kezdolap\/#primaryimage"},"image":{"@id":"https:\/\/www.neomax.hu\/index.php\/kezdolap\/#primaryimage"},"thumbnailUrl":"https:\/\/www.neomax.hu\/wp-content\/uploads\/2022\/09\/1542892885470-1024x576.jpeg","datePublished":"2022-09-20T02:08:44+00:00","dateModified":"2025-03-13T13:22:29+00:00","breadcrumb":{"@id":"https:\/\/www.neomax.hu\/index.php\/kezdolap\/#breadcrumb"},"inLanguage":"hu","potentialAction":[{"@type":"ReadAction","target":["https:\/\/www.neomax.hu\/index.php\/kezdolap\/"]}]},{"@type":"ImageObject","inLanguage":"hu","@id":"https:\/\/www.neomax.hu\/index.php\/kezdolap\/#primaryimage","url":"https:\/\/www.neomax.hu\/wp-content\/uploads\/2022\/09\/1542892885470.jpeg","contentUrl":"https:\/\/www.neomax.hu\/wp-content\/uploads\/2022\/09\/1542892885470.jpeg","width":1214,"height":683},{"@type":"BreadcrumbList","@id":"https:\/\/www.neomax.hu\/index.php\/kezdolap\/#breadcrumb","itemListElement":[{"@type":"ListItem","position":1,"name":"Kezd\u0151lap","item":"https:\/\/www.neomax.hu\/"},{"@type":"ListItem","position":2,"name":"Ipari automatiz\u00e1l\u00e1s"}]},{"@type":"WebSite","@id":"https:\/\/www.neomax.hu\/#website","url":"https:\/\/www.neomax.hu\/","name":"Neomax","description":"Kereskedelmi \u00e9s Szolg\u00e1ltat\u00f3 Kft.","publisher":{"@id":"https:\/\/www.neomax.hu\/#organization"},"potentialAction":[{"@type":"SearchAction","target":{"@type":"EntryPoint","urlTemplate":"https:\/\/www.neomax.hu\/?s={search_term_string}"},"query-input":{"@type":"PropertyValueSpecification","valueRequired":true,"valueName":"search_term_string"}}],"inLanguage":"hu"},{"@type":"Organization","@id":"https:\/\/www.neomax.hu\/#organization","name":"Neomax Kft","url":"https:\/\/www.neomax.hu\/","logo":{"@type":"ImageObject","inLanguage":"hu","@id":"https:\/\/www.neomax.hu\/#\/schema\/logo\/image\/","url":"https:\/\/www.neomax.hu\/wp-content\/uploads\/2022\/09\/Neomax-logo-kek-2.png","contentUrl":"https:\/\/www.neomax.hu\/wp-content\/uploads\/2022\/09\/Neomax-logo-kek-2.png","width":397,"height":44,"caption":"Neomax Kft"},"image":{"@id":"https:\/\/www.neomax.hu\/#\/schema\/logo\/image\/"}}]}},"_links":{"self":[{"href":"https:\/\/www.neomax.hu\/index.php\/wp-json\/wp\/v2\/pages\/7","targetHints":{"allow":["GET"]}}],"collection":[{"href":"https:\/\/www.neomax.hu\/index.php\/wp-json\/wp\/v2\/pages"}],"about":[{"href":"https:\/\/www.neomax.hu\/index.php\/wp-json\/wp\/v2\/types\/page"}],"author":[{"embeddable":true,"href":"https:\/\/www.neomax.hu\/index.php\/wp-json\/wp\/v2\/users\/1"}],"replies":[{"embeddable":true,"href":"https:\/\/www.neomax.hu\/index.php\/wp-json\/wp\/v2\/comments?post=7"}],"version-history":[{"count":7,"href":"https:\/\/www.neomax.hu\/index.php\/wp-json\/wp\/v2\/pages\/7\/revisions"}],"predecessor-version":[{"id":118,"href":"https:\/\/www.neomax.hu\/index.php\/wp-json\/wp\/v2\/pages\/7\/revisions\/118"}],"wp:attachment":[{"href":"https:\/\/www.neomax.hu\/index.php\/wp-json\/wp\/v2\/media?parent=7"}],"curies":[{"name":"wp","href":"https:\/\/api.w.org\/{rel}","templated":true}]}}