{"id":2,"date":"2022-09-20T01:36:20","date_gmt":"2022-09-20T01:36:20","guid":{"rendered":"https:\/\/www.neomax.hu\/?page_id=2"},"modified":"2025-03-13T13:15:04","modified_gmt":"2025-03-13T13:15:04","slug":"ez-egy-minta-oldal","status":"publish","type":"page","link":"https:\/\/www.neomax.hu\/index.php\/ez-egy-minta-oldal\/","title":{"rendered":"IT tev\u00e9kenys\u00e9g"},"content":{"rendered":"\n<p><strong><em><mark style=\"background-color:rgba(0, 0, 0, 0)\" class=\"has-inline-color has-vivid-cyan-blue-color\">A hozz\u00e1adott \u00e9rt\u00e9k\u2026<br><\/mark><\/em><\/strong><em>Az Apple Computer t\u00f6bb \u00e9vtizedes t\u00f6rt\u00e9net\u00e9ben mindig fontos szempont, hogy a felhaszn\u00e1l\u00f3k sz\u00e1m\u00e1ra megk\u00f6nny\u00edts\u00e9k a term\u00e9kek haszn\u00e1lat\u00e1t. Az innovat\u00edv fejleszt\u00e9sek c\u00e9lja mindig egy bar\u00e1ts\u00e1gos k\u00f6nnyen kezelhet\u0151 eszk\u00f6z, technol\u00f3gia megteremt\u00e9se volt.<br>Ennek szellem\u00e9ben mi is igyeksz\u00fcnk a legmagasabb sz\u00ednvonal\u00fa szolg\u00e1ltat\u00e1st ny\u00fajtani v\u00e1s\u00e1rl\u00f3inknak, hogy egy hossz\u00fa t\u00e1v\u00fa egy\u00fcttm\u0171k\u00f6d\u00e9s keret\u00e9ben \u00e9lvezhess\u00e9k a megv\u00e1s\u00e1rolt term\u00e9kek ny\u00fajtotta komfort\u00e9rz\u00e9st. T\u00f6bbek k\u00f6z\u00f6tt a szem\u00e9lyes konzult\u00e1ci\u00f3, vagy a telefonos seg\u00edts\u00e9gny\u00fajt\u00e1s is r\u00e9sze szolg\u00e1ltat\u00e1sainknak.<\/em><\/p>\n\n\n\n<p><strong><em><mark style=\"background-color:rgba(0, 0, 0, 0)\" class=\"has-inline-color has-vivid-cyan-blue-color\">Adobe szoftverek<\/mark><\/em><\/strong><br>C\u00e9g\u00fcnk az Adobe magyarorsz\u00e1gi k\u00e9pviselet\u00e9n kereszt\u00fcl hivatalos forgalmaz\u00f3ja a a vil\u00e1g egyik leginnovat\u00edvabb szoftverc\u00e9g\u00e9nek.<br>A Creative Cloud programcsomag el\u0151fizet\u00e9ssel minden Adobe program rendelkez\u00e9sre \u00e1ll, az el\u0151fizet\u00e9si id\u0151szak alatt. Term\u00e9szetesen az egyes programok k\u00fcl\u00f6n, k\u00fcl\u00f6n is el\u0151fizethet\u0151ek.<br><img loading=\"lazy\" decoding=\"async\" width=\"78\" height=\"85\" class=\"wp-image-70\" style=\"width: 78px;\" src=\"https:\/\/www.neomax.hu\/wp-content\/uploads\/2022\/09\/Adobel.jpg\" alt=\"\">                                <img loading=\"lazy\" decoding=\"async\" width=\"200\" height=\"50\" class=\"wp-image-86\" style=\"width: 200px;\" src=\"https:\/\/www.neomax.hu\/wp-content\/uploads\/2022\/09\/adobe-certified-reseller.png\" alt=\"\"><\/p>\n\n\n\n<p>C\u00e9g\u00fcnk term\u00e9szetesen minden feladatk\u00f6rh\u00f6z \u00e1r\u00fal szoftvereket, az irodai feladatk\u00f6rt\u0151l, az adatb\u00e1zis-feldolgoz\u00e1sig.<br><img loading=\"lazy\" decoding=\"async\" width=\"80\" height=\"89\" class=\"wp-image-87\" style=\"width: 80px;\" src=\"https:\/\/www.neomax.hu\/wp-content\/uploads\/2022\/09\/droppedImage_2.jpg\" alt=\"\">     <img loading=\"lazy\" decoding=\"async\" width=\"95\" height=\"88\" class=\"wp-image-89\" style=\"width: 95px;\" src=\"https:\/\/www.neomax.hu\/wp-content\/uploads\/2022\/09\/droppedImage.jpg\" alt=\"\">   <img loading=\"lazy\" decoding=\"async\" width=\"127\" height=\"127\" class=\"wp-image-90\" style=\"width: 127px;\" src=\"https:\/\/www.neomax.hu\/wp-content\/uploads\/2022\/09\/wacom.png\" alt=\"\">   <img loading=\"lazy\" decoding=\"async\" width=\"80\" height=\"92\" class=\"wp-image-91\" style=\"width: 80px;\" src=\"https:\/\/www.neomax.hu\/wp-content\/uploads\/2022\/09\/droppedImage_1.jpg\" alt=\"\"><\/p>\n\n\n\n<p><strong><em><mark style=\"background-color:rgba(0, 0, 0, 0)\" class=\"has-inline-color has-vivid-cyan-blue-color\">Sz\u00e1m\u00edt\u00f3g\u00e9pek \u00e9s tartoz\u00e9kok forgalmaz\u00e1sa<\/mark><br><\/em><\/strong>Term\u00e9keinket \u00e9s besz\u00e1ll\u00edt\u00f3inkat \u00fagy v\u00e1lasztottuk meg, hogy v\u00e1s\u00e1rl\u00f3inknak a legmagasabb min\u0151s\u00e9gi k\u00f6vetelm\u00e9nyeket tudjuk ny\u00fajtani. A hossz\u00fa t\u00e1v\u00fa \u00fczleti kapcsolat rem\u00e9ny\u00e9ben elad\u00e1sainkat folyamatos, ig\u00e9ny szerinti technikai t\u00e1mogat\u00e1ssal seg\u00edtj\u00fck. A sz\u00e1m\u00edt\u00f3g\u00e9pes r\u00e9szegys\u00e9gekt\u0151l a sok g\u00e9pes rendszerek lesz\u00e1ll\u00edt\u00e1s\u00e1t \u00e9s \u00fczembe helyez\u00e9s\u00e9t tudjuk v\u00e1llalni.<br>Igyeksz\u00fcnk kedves \u00fcgyfeleinknek, m\u00e1r a v\u00e1s\u00e1rl\u00e1s el\u0151tt seg\u00edteni a helyes megold\u00e1sok kiv\u00e1laszt\u00e1s\u00e1ban.<br>Specialit\u00e1sunk a kifejezetten kiadv\u00e1nyszerkeszt\u00e9sre \u00e9s sz\u00e1m\u00edt\u00f3g\u00e9pes grafik\u00e1ra alkalmazott g\u00e9pek, rendszerek tervez\u00e9se \u00e9s lesz\u00e1ll\u00edt\u00e1sa. K\u00edv\u00e1ns\u00e1g szerinti oktat\u00e1sa, betan\u00edt\u00e1sa.<br><img loading=\"lazy\" decoding=\"async\" width=\"128\" height=\"44\" class=\"wp-image-76\" style=\"width: 128px;\" src=\"https:\/\/www.neomax.hu\/wp-content\/uploads\/2022\/09\/droppedImage.png\" alt=\"\">   <img loading=\"lazy\" decoding=\"async\" width=\"118\" height=\"57\" class=\"wp-image-75\" style=\"width: 118px;\" src=\"https:\/\/www.neomax.hu\/wp-content\/uploads\/2022\/09\/kingstonl.jpg\" alt=\"\">  <img loading=\"lazy\" decoding=\"async\" width=\"103\" height=\"57\" class=\"wp-image-73\" style=\"width: 103px;\" src=\"https:\/\/www.neomax.hu\/wp-content\/uploads\/2022\/09\/logo-1.gif\" alt=\"\">   <img loading=\"lazy\" decoding=\"async\" width=\"78\" height=\"69\" class=\"wp-image-77\" style=\"width: 78px;\" src=\"https:\/\/www.neomax.hu\/wp-content\/uploads\/2022\/09\/home.jpg\" alt=\"\"><\/p>\n\n\n\n<p><strong><em><mark style=\"background-color:rgba(0, 0, 0, 0)\" class=\"has-inline-color has-vivid-cyan-blue-color\">IT tan\u00e1csad\u00e1s<br><\/mark><\/em><\/strong>A sokf\u00e9le g\u00e9p, perif\u00e9ria, kieg\u00e9sz\u00edt\u0151 \u00e9s sz\u00e1m\u00edt\u00e1stechnikai megold\u00e1s k\u00f6z\u00f6tt nagyon sokan nem tudnak eligazodni. Tud\u00e1sunkat adjuk egy j\u00f3l kezelhet\u0151, \u00e1m minden ig\u00e9nyt kiel\u00e9g\u00edt\u0151 rendszer kialak\u00edt\u00e1s\u00e1hoz, ahol a megb\u00edzhat\u00f3s\u00e1gon fel\u00fcl az \u00e1r\/\u00e9rt\u00e9k ar\u00e1nyt is figyelembe vessz\u00fck \u00e9s i\u00e9ny szerint seg\u00edt\u00fcnk megtervezni \u00e9s kialak\u00edtani irodai vagy otthoni IT rendszereket.<\/p>\n\n\n\n<p><strong><em><mark style=\"background-color:rgba(0, 0, 0, 0)\" class=\"has-inline-color has-vivid-cyan-blue-color\">Szerviz<\/mark><\/em><br><\/strong>A g\u00e9pek elad\u00e1s\u00e1n k\u00edv\u00fcl szerv\u00edztev\u00e9kenys\u00e9get is folytatunk. Az egyes g\u00e9pek, illetve nagyobb rendszerek jav\u00edt\u00e1s\u00e1ra, integr\u00e1ci\u00f3j\u00e1ra, h\u00e1l\u00f3zati probl\u00e9m\u00e1kra k\u00edn\u00e1lunk megold\u00e1sokat.<br>Mind az Apple term\u00e9kek mind a Windows alap\u00fa rendszerek tekintet\u00e9ben t\u00f6bb mint t\u00edz \u00e9ves tapasztalattal rendelkez\u00fcnk.<br>V\u00e1llaljuk irodai, vagy nem egy ter\u00fcleten elhelyezett g\u00e9pek \u00f6sszek\u00f6t\u00e9s\u00e9t, internetes kapcsolatainak kialak\u00edt\u00e1s\u00e1t.<br>Hossz\u00fa id\u0151re visszany\u00fal\u00f3 tapasztalatokkal rendelkez\u00fcnk a kiadv\u00e1nyszerkeszt\u00e9ssel, \u00e9s az internetes probl\u00e9m\u00e1k megold\u00e1s\u00e1val kapcsolatban.<\/p>\n\n\n\n<p><strong><em><mark style=\"background-color:rgba(0, 0, 0, 0)\" class=\"has-inline-color has-vivid-cyan-blue-color\">Webhosting<br><\/mark><\/em><\/strong>Weblapok elhelyez\u00e9se, email postafi\u00f3kok, biztons\u00e1gi ment\u00e9sek, t\u00e1rhelyek szem\u00e9lyre szabott \u00e1rakkal. Szaktan\u00e1csad\u00e1s, \u00fcgyint\u00e9z\u00e9s, szerviz.<\/p>\n\n\n\n<p><strong><em><mark style=\"background-color:rgba(0, 0, 0, 0)\" class=\"has-inline-color has-vivid-cyan-blue-color\">Synology h\u00e1l\u00f3zati t\u00e1rol\u00f3eszk\u00f6z\u00f6k.<\/mark><br><\/em><\/strong>A sz\u00e1m\u00edt\u00e1stechnik\u00e1ban, mint minden m\u00e1sban is v\u00e1ltoznak a megold\u00e1sok. Tal\u00e1n ez az a ter\u00fclet amelyik a leggyorsabban reag\u00e1l a fejleszt\u00e9sekre \u00e9s mivel az \u00e9let minden ter\u00fclet\u00e9t befoly\u00e1solja, kihat\u00e1ssal van mindennapi \u00e9let\u00fcnkre is. A r\u00e9gi korok adatt\u00e1rol\u00f3i: bakelit lemezek, kompakt kazett\u00e1k, CD-k, VHS szalagos t\u00e1rol\u00f3k, stb. \u00e9s lassan a DVD-k mind a m\u00falt\u00e9. A leg\u00fajabb sz\u00e1m\u00edt\u00e1sok szerint a merevlemezek veszik \u00e1t az egyre nagyobb helyet foglal\u00f3 adataink t\u00e1rol\u00e1s\u00e1nak szerep\u00e9t. A sokf\u00e9le merevlemezes adatt\u00e1rol\u00f3 megold\u00e1s k\u00f6z\u0171l a h\u00e1l\u00f3zaton kereszt\u00fcl el\u00e9rhet\u0151 RAID h\u00e1zak jelenthetik a megold\u00e1st. Ezek a megold\u00e1sok egyre ink\u00e1bb hasonl\u00edtanak egy teljes \u00e9rt\u00e9k\u0171, sok mindent tud\u00f3 szerverre, azzal a k\u00fcl\u00f6nbs\u00e9ggel, hogy webes fel\u00fcleten kereszt\u0171l egyszer\u0171en, Magyar nyelven \u00e1ll\u00edthat\u00f3ak.<br>Manaps\u00e1g m\u00e1r k\u00e9pesek kiszolg\u00e1lni ak\u00e1r otthoni multim\u00e9dia rendszer\u00fcnket vagy ak\u00e1r mobil eszk\u00f6zeinket is ell\u00e1thatj\u00e1k tartalommal a t\u00e1volb\u00f3l is.<\/p>\n\n\n\n<p>Ebben a kateg\u00f3ri\u00e1ban a Synology \u00e1ltal gy\u00e1rtott term\u00e9kcsoportot aj\u00e1nljuk, a k\u00f6vetkez\u0151 indokok miatt:<br>\u2605teljesen magyar\u00edtott men\u00fcrendszer<br>\u2605az \u00f6sszes (Apple, Windows, Linux) \u00e1tviteli protokollt ismeri \u00e9s alkalmas nem csak t\u00e1rol\u00e1sra, hanem a k\u00f6zvetlen arr\u00f3l megnyitott (pl. Adobe) dokumentumokkal val\u00f3 munk\u00e1ra is. iSCSI k\u00e9pes.<br>\u2605iTunes stream, iPhoto, AirPlay szerverk\u00e9nt is m\u0171k\u00f6dik, t\u00e1mogatja az iOS eszk\u00f6z\u00f6ket (iPhone, iPad) WebDav-on kereszt\u00fcl.<br>\u2605csendes, energiatakar\u00e9kos, id\u0151z\u00edthet\u0151 \u00fczemeltet\u00e9ssel.<br>\u2605be\u00e9p\u00edtett FTP \u00e9s torrent kliens<br>\u2605opcion\u00e1lisan a k\u00fclvil\u00e1g fel\u00f6l is el\u00e9rhet\u0151 az interneten kereszt\u00fcl.<br>\u2605Menet k\u00f6zben cser\u00e9lhet\u0151ek a meghib\u00e1sodott merevlemezek.<br>\u2605Biztons\u00e1gi, intelligens kameraszerverk\u00e9nt is m\u0171k\u00f6dik -IP kamer\u00e1kkal- ami iOS eszk\u00f6z\u00f6kkel is monitorozhat\u00f3.<br>\u2605e-mail, SMS, Skype \u00e9rtes\u00edt\u00e9s az esetleges meghib\u00e1sod\u00e1sokkal kapcsolatban<\/p>\n\n\n\n<p><br>\u2605M\u00e1sik k\u00fcls\u0151 egys\u00e9gre t\u00f6rt\u00e9n\u0151 biztons\u00e1gi ment\u00e9s<br>\u2605Egyszer\u0171 friss\u00edthet\u0151s\u00e9g, PlugIn-os szolg\u00e1ltat\u00e1sb\u0151v\u00edthet\u0151s\u00e9g (ak\u00e1r web, adatb\u00e1zis vagy levelez\u0151szerver)<\/p>\n\n\n\n<p>\u2026\u00e9s m\u00e9g sok minden m\u00e1s\u00e9rt, a manaps\u00e1g kaphat\u00f3 egyik legjobb v\u00e1laszt\u00e1sk\u00e9nt k\u00edn\u00e1lkozik.<br>Tov\u00e1bbi inform\u00e1ci\u00f3k: <a href=\"https:\/\/www.synology.com\/hu-hu\/\" target=\"_blank\" rel=\"noreferrer noopener\">https:\/\/www.synology.com\/hu-hu\/<\/a><br><img loading=\"lazy\" decoding=\"async\" width=\"71\" height=\"71\" class=\"wp-image-81\" style=\"width: 71px;\" src=\"https:\/\/www.neomax.hu\/wp-content\/uploads\/2022\/09\/synology.png\" alt=\"\">  <img loading=\"lazy\" decoding=\"async\" width=\"150\" height=\"40\" class=\"wp-image-78\" style=\"width: 150px;\" src=\"https:\/\/www.neomax.hu\/wp-content\/uploads\/2022\/09\/File-Synology_Logo.jpg\" alt=\"\"><\/p>\n","protected":false},"excerpt":{"rendered":"<p>A hozz\u00e1adott \u00e9rt\u00e9k\u2026Az Apple Computer t\u00f6bb \u00e9vtizedes t\u00f6rt\u00e9net\u00e9ben mindig fontos szempont, hogy a felhaszn\u00e1l\u00f3k sz\u00e1m\u00e1ra megk\u00f6nny\u00edts\u00e9k a term\u00e9kek haszn\u00e1lat\u00e1t. Az innovat\u00edv fejleszt\u00e9sek c\u00e9lja mindig egy bar\u00e1ts\u00e1gos k\u00f6nnyen kezelhet\u0151 eszk\u00f6z, technol\u00f3gia megteremt\u00e9se volt.Ennek szellem\u00e9ben mi is igyeksz\u00fcnk a legmagasabb sz\u00ednvonal\u00fa szolg\u00e1ltat\u00e1st ny\u00fajtani v\u00e1s\u00e1rl\u00f3inknak, hogy egy hossz\u00fa t\u00e1v\u00fa egy\u00fcttm\u0171k\u00f6d\u00e9s keret\u00e9ben \u00e9lvezhess\u00e9k a megv\u00e1s\u00e1rolt term\u00e9kek ny\u00fajtotta komfort\u00e9rz\u00e9st. T\u00f6bbek [&hellip;]<\/p>\n","protected":false},"author":1,"featured_media":0,"parent":0,"menu_order":0,"comment_status":"closed","ping_status":"open","template":"","meta":{"footnotes":""},"class_list":["post-2","page","type-page","status-publish","hentry"],"yoast_head":"<!-- This site is optimized with the Yoast SEO plugin v27.6 - https:\/\/yoast.com\/product\/yoast-seo-wordpress\/ -->\n<title>IT tev\u00e9kenys\u00e9g - Neomax<\/title>\n<meta name=\"robots\" content=\"index, follow, max-snippet:-1, max-image-preview:large, max-video-preview:-1\" \/>\n<link rel=\"canonical\" href=\"https:\/\/www.neomax.hu\/index.php\/ez-egy-minta-oldal\/\" \/>\n<meta property=\"og:locale\" content=\"hu_HU\" \/>\n<meta property=\"og:type\" content=\"article\" \/>\n<meta property=\"og:title\" content=\"IT tev\u00e9kenys\u00e9g - Neomax\" \/>\n<meta property=\"og:description\" content=\"A hozz\u00e1adott \u00e9rt\u00e9k\u2026Az Apple Computer t\u00f6bb \u00e9vtizedes t\u00f6rt\u00e9net\u00e9ben mindig fontos szempont, hogy a felhaszn\u00e1l\u00f3k sz\u00e1m\u00e1ra megk\u00f6nny\u00edts\u00e9k a term\u00e9kek haszn\u00e1lat\u00e1t. Az innovat\u00edv fejleszt\u00e9sek c\u00e9lja mindig egy bar\u00e1ts\u00e1gos k\u00f6nnyen kezelhet\u0151 eszk\u00f6z, technol\u00f3gia megteremt\u00e9se volt.Ennek szellem\u00e9ben mi is igyeksz\u00fcnk a legmagasabb sz\u00ednvonal\u00fa szolg\u00e1ltat\u00e1st ny\u00fajtani v\u00e1s\u00e1rl\u00f3inknak, hogy egy hossz\u00fa t\u00e1v\u00fa egy\u00fcttm\u0171k\u00f6d\u00e9s keret\u00e9ben \u00e9lvezhess\u00e9k a megv\u00e1s\u00e1rolt term\u00e9kek ny\u00fajtotta komfort\u00e9rz\u00e9st. T\u00f6bbek [&hellip;]\" \/>\n<meta property=\"og:url\" content=\"https:\/\/www.neomax.hu\/index.php\/ez-egy-minta-oldal\/\" \/>\n<meta property=\"og:site_name\" content=\"Neomax\" \/>\n<meta property=\"article:modified_time\" content=\"2025-03-13T13:15:04+00:00\" \/>\n<meta property=\"og:image\" content=\"https:\/\/www.neomax.hu\/wp-content\/uploads\/2022\/09\/Adobel.jpg\" \/>\n\t<meta property=\"og:image:width\" content=\"78\" \/>\n\t<meta property=\"og:image:height\" content=\"85\" \/>\n\t<meta property=\"og:image:type\" content=\"image\/jpeg\" \/>\n<meta name=\"twitter:card\" content=\"summary_large_image\" \/>\n<meta name=\"twitter:label1\" content=\"Becs\u00fclt olvas\u00e1si id\u0151\" \/>\n\t<meta name=\"twitter:data1\" content=\"6 perc\" \/>\n<script type=\"application\/ld+json\" class=\"yoast-schema-graph\">{\"@context\":\"https:\\\/\\\/schema.org\",\"@graph\":[{\"@type\":\"WebPage\",\"@id\":\"https:\\\/\\\/www.neomax.hu\\\/index.php\\\/ez-egy-minta-oldal\\\/\",\"url\":\"https:\\\/\\\/www.neomax.hu\\\/index.php\\\/ez-egy-minta-oldal\\\/\",\"name\":\"IT tev\u00e9kenys\u00e9g - Neomax\",\"isPartOf\":{\"@id\":\"https:\\\/\\\/www.neomax.hu\\\/#website\"},\"primaryImageOfPage\":{\"@id\":\"https:\\\/\\\/www.neomax.hu\\\/index.php\\\/ez-egy-minta-oldal\\\/#primaryimage\"},\"image\":{\"@id\":\"https:\\\/\\\/www.neomax.hu\\\/index.php\\\/ez-egy-minta-oldal\\\/#primaryimage\"},\"thumbnailUrl\":\"https:\\\/\\\/www.neomax.hu\\\/wp-content\\\/uploads\\\/2022\\\/09\\\/Adobel.jpg\",\"datePublished\":\"2022-09-20T01:36:20+00:00\",\"dateModified\":\"2025-03-13T13:15:04+00:00\",\"breadcrumb\":{\"@id\":\"https:\\\/\\\/www.neomax.hu\\\/index.php\\\/ez-egy-minta-oldal\\\/#breadcrumb\"},\"inLanguage\":\"hu\",\"potentialAction\":[{\"@type\":\"ReadAction\",\"target\":[\"https:\\\/\\\/www.neomax.hu\\\/index.php\\\/ez-egy-minta-oldal\\\/\"]}]},{\"@type\":\"ImageObject\",\"inLanguage\":\"hu\",\"@id\":\"https:\\\/\\\/www.neomax.hu\\\/index.php\\\/ez-egy-minta-oldal\\\/#primaryimage\",\"url\":\"https:\\\/\\\/www.neomax.hu\\\/wp-content\\\/uploads\\\/2022\\\/09\\\/Adobel.jpg\",\"contentUrl\":\"https:\\\/\\\/www.neomax.hu\\\/wp-content\\\/uploads\\\/2022\\\/09\\\/Adobel.jpg\",\"width\":78,\"height\":85},{\"@type\":\"BreadcrumbList\",\"@id\":\"https:\\\/\\\/www.neomax.hu\\\/index.php\\\/ez-egy-minta-oldal\\\/#breadcrumb\",\"itemListElement\":[{\"@type\":\"ListItem\",\"position\":1,\"name\":\"Kezd\u0151lap\",\"item\":\"https:\\\/\\\/www.neomax.hu\\\/\"},{\"@type\":\"ListItem\",\"position\":2,\"name\":\"IT tev\u00e9kenys\u00e9g\"}]},{\"@type\":\"WebSite\",\"@id\":\"https:\\\/\\\/www.neomax.hu\\\/#website\",\"url\":\"https:\\\/\\\/www.neomax.hu\\\/\",\"name\":\"Neomax\",\"description\":\"Kereskedelmi \u00e9s Szolg\u00e1ltat\u00f3 Kft.\",\"publisher\":{\"@id\":\"https:\\\/\\\/www.neomax.hu\\\/#organization\"},\"potentialAction\":[{\"@type\":\"SearchAction\",\"target\":{\"@type\":\"EntryPoint\",\"urlTemplate\":\"https:\\\/\\\/www.neomax.hu\\\/?s={search_term_string}\"},\"query-input\":{\"@type\":\"PropertyValueSpecification\",\"valueRequired\":true,\"valueName\":\"search_term_string\"}}],\"inLanguage\":\"hu\"},{\"@type\":\"Organization\",\"@id\":\"https:\\\/\\\/www.neomax.hu\\\/#organization\",\"name\":\"Neomax Kft\",\"url\":\"https:\\\/\\\/www.neomax.hu\\\/\",\"logo\":{\"@type\":\"ImageObject\",\"inLanguage\":\"hu\",\"@id\":\"https:\\\/\\\/www.neomax.hu\\\/#\\\/schema\\\/logo\\\/image\\\/\",\"url\":\"https:\\\/\\\/www.neomax.hu\\\/wp-content\\\/uploads\\\/2022\\\/09\\\/Neomax-logo-kek-2.png\",\"contentUrl\":\"https:\\\/\\\/www.neomax.hu\\\/wp-content\\\/uploads\\\/2022\\\/09\\\/Neomax-logo-kek-2.png\",\"width\":397,\"height\":44,\"caption\":\"Neomax Kft\"},\"image\":{\"@id\":\"https:\\\/\\\/www.neomax.hu\\\/#\\\/schema\\\/logo\\\/image\\\/\"}}]}<\/script>\n<!-- \/ Yoast SEO plugin. -->","yoast_head_json":{"title":"IT tev\u00e9kenys\u00e9g - Neomax","robots":{"index":"index","follow":"follow","max-snippet":"max-snippet:-1","max-image-preview":"max-image-preview:large","max-video-preview":"max-video-preview:-1"},"canonical":"https:\/\/www.neomax.hu\/index.php\/ez-egy-minta-oldal\/","og_locale":"hu_HU","og_type":"article","og_title":"IT tev\u00e9kenys\u00e9g - Neomax","og_description":"A hozz\u00e1adott \u00e9rt\u00e9k\u2026Az Apple Computer t\u00f6bb \u00e9vtizedes t\u00f6rt\u00e9net\u00e9ben mindig fontos szempont, hogy a felhaszn\u00e1l\u00f3k sz\u00e1m\u00e1ra megk\u00f6nny\u00edts\u00e9k a term\u00e9kek haszn\u00e1lat\u00e1t. Az innovat\u00edv fejleszt\u00e9sek c\u00e9lja mindig egy bar\u00e1ts\u00e1gos k\u00f6nnyen kezelhet\u0151 eszk\u00f6z, technol\u00f3gia megteremt\u00e9se volt.Ennek szellem\u00e9ben mi is igyeksz\u00fcnk a legmagasabb sz\u00ednvonal\u00fa szolg\u00e1ltat\u00e1st ny\u00fajtani v\u00e1s\u00e1rl\u00f3inknak, hogy egy hossz\u00fa t\u00e1v\u00fa egy\u00fcttm\u0171k\u00f6d\u00e9s keret\u00e9ben \u00e9lvezhess\u00e9k a megv\u00e1s\u00e1rolt term\u00e9kek ny\u00fajtotta komfort\u00e9rz\u00e9st. T\u00f6bbek [&hellip;]","og_url":"https:\/\/www.neomax.hu\/index.php\/ez-egy-minta-oldal\/","og_site_name":"Neomax","article_modified_time":"2025-03-13T13:15:04+00:00","og_image":[{"width":78,"height":85,"url":"https:\/\/www.neomax.hu\/wp-content\/uploads\/2022\/09\/Adobel.jpg","type":"image\/jpeg"}],"twitter_card":"summary_large_image","twitter_misc":{"Becs\u00fclt olvas\u00e1si id\u0151":"6 perc"},"schema":{"@context":"https:\/\/schema.org","@graph":[{"@type":"WebPage","@id":"https:\/\/www.neomax.hu\/index.php\/ez-egy-minta-oldal\/","url":"https:\/\/www.neomax.hu\/index.php\/ez-egy-minta-oldal\/","name":"IT tev\u00e9kenys\u00e9g - Neomax","isPartOf":{"@id":"https:\/\/www.neomax.hu\/#website"},"primaryImageOfPage":{"@id":"https:\/\/www.neomax.hu\/index.php\/ez-egy-minta-oldal\/#primaryimage"},"image":{"@id":"https:\/\/www.neomax.hu\/index.php\/ez-egy-minta-oldal\/#primaryimage"},"thumbnailUrl":"https:\/\/www.neomax.hu\/wp-content\/uploads\/2022\/09\/Adobel.jpg","datePublished":"2022-09-20T01:36:20+00:00","dateModified":"2025-03-13T13:15:04+00:00","breadcrumb":{"@id":"https:\/\/www.neomax.hu\/index.php\/ez-egy-minta-oldal\/#breadcrumb"},"inLanguage":"hu","potentialAction":[{"@type":"ReadAction","target":["https:\/\/www.neomax.hu\/index.php\/ez-egy-minta-oldal\/"]}]},{"@type":"ImageObject","inLanguage":"hu","@id":"https:\/\/www.neomax.hu\/index.php\/ez-egy-minta-oldal\/#primaryimage","url":"https:\/\/www.neomax.hu\/wp-content\/uploads\/2022\/09\/Adobel.jpg","contentUrl":"https:\/\/www.neomax.hu\/wp-content\/uploads\/2022\/09\/Adobel.jpg","width":78,"height":85},{"@type":"BreadcrumbList","@id":"https:\/\/www.neomax.hu\/index.php\/ez-egy-minta-oldal\/#breadcrumb","itemListElement":[{"@type":"ListItem","position":1,"name":"Kezd\u0151lap","item":"https:\/\/www.neomax.hu\/"},{"@type":"ListItem","position":2,"name":"IT tev\u00e9kenys\u00e9g"}]},{"@type":"WebSite","@id":"https:\/\/www.neomax.hu\/#website","url":"https:\/\/www.neomax.hu\/","name":"Neomax","description":"Kereskedelmi \u00e9s Szolg\u00e1ltat\u00f3 Kft.","publisher":{"@id":"https:\/\/www.neomax.hu\/#organization"},"potentialAction":[{"@type":"SearchAction","target":{"@type":"EntryPoint","urlTemplate":"https:\/\/www.neomax.hu\/?s={search_term_string}"},"query-input":{"@type":"PropertyValueSpecification","valueRequired":true,"valueName":"search_term_string"}}],"inLanguage":"hu"},{"@type":"Organization","@id":"https:\/\/www.neomax.hu\/#organization","name":"Neomax Kft","url":"https:\/\/www.neomax.hu\/","logo":{"@type":"ImageObject","inLanguage":"hu","@id":"https:\/\/www.neomax.hu\/#\/schema\/logo\/image\/","url":"https:\/\/www.neomax.hu\/wp-content\/uploads\/2022\/09\/Neomax-logo-kek-2.png","contentUrl":"https:\/\/www.neomax.hu\/wp-content\/uploads\/2022\/09\/Neomax-logo-kek-2.png","width":397,"height":44,"caption":"Neomax Kft"},"image":{"@id":"https:\/\/www.neomax.hu\/#\/schema\/logo\/image\/"}}]}},"_links":{"self":[{"href":"https:\/\/www.neomax.hu\/index.php\/wp-json\/wp\/v2\/pages\/2","targetHints":{"allow":["GET"]}}],"collection":[{"href":"https:\/\/www.neomax.hu\/index.php\/wp-json\/wp\/v2\/pages"}],"about":[{"href":"https:\/\/www.neomax.hu\/index.php\/wp-json\/wp\/v2\/types\/page"}],"author":[{"embeddable":true,"href":"https:\/\/www.neomax.hu\/index.php\/wp-json\/wp\/v2\/users\/1"}],"replies":[{"embeddable":true,"href":"https:\/\/www.neomax.hu\/index.php\/wp-json\/wp\/v2\/comments?post=2"}],"version-history":[{"count":12,"href":"https:\/\/www.neomax.hu\/index.php\/wp-json\/wp\/v2\/pages\/2\/revisions"}],"predecessor-version":[{"id":116,"href":"https:\/\/www.neomax.hu\/index.php\/wp-json\/wp\/v2\/pages\/2\/revisions\/116"}],"wp:attachment":[{"href":"https:\/\/www.neomax.hu\/index.php\/wp-json\/wp\/v2\/media?parent=2"}],"curies":[{"name":"wp","href":"https:\/\/api.w.org\/{rel}","templated":true}]}}