{"id":106,"date":"2024-03-15T15:14:22","date_gmt":"2024-03-15T15:14:22","guid":{"rendered":"https:\/\/www.neomax.hu\/?page_id=106"},"modified":"2024-03-15T15:14:22","modified_gmt":"2024-03-15T15:14:22","slug":"3d-nyomtatas","status":"publish","type":"page","link":"https:\/\/www.neomax.hu\/index.php\/3d-nyomtatas\/","title":{"rendered":"3D nyomtat\u00e1s"},"content":{"rendered":"<p>Tev\u00e9kenys\u00e9geink sor\u00e1n t\u00f6bbsz\u00f6r felmer\u00fclt egy speci\u00e1lis vagy egyedi kialak\u00edt\u00e1s\u00fa alkatr\u00e9sz elk\u00e9sz\u00edt\u00e9se.<br \/>\nLegyen az egy pici elemr\u00f6gz\u00edt\u0151 vagy egy nagyobb ipari berendez\u00e9shez val\u00f3 tart\u00f3konzol egy ipari berendez\u00e9shez. Erre a legk\u00e9zenfekv\u0151bb megold\u00e1s\u00e1nak a 3D nyomtat\u00e1s \u00edg\u00e9rkezett, ez\u00e9rt elkezdt\u00fcnk foglalkozni a megfelel\u0151 nyomtat\u00f3 \u00e9s tud\u00e1s be- \u00e9s megszerz\u00e9s\u00e9vel.<br \/>\nAzt gondoljuk, hogy a technol\u00f3giai fejl\u0151d\u00e9s egy\u00e9rtelm\u0171en ebbe az ir\u00e1nyba tolja el a kis sz\u00e9ri\u00e1s gy\u00e1rt\u00e1st. Az ipar\u00e1gban folyamatos fejl\u0151d\u00e9s tapasztalhat\u00f3, \u00edgy ennek k\u00f6vet\u00e9se izgalmas kih\u00edv\u00e1sokat tartogat sz\u00e1munkra.<br \/>\nAz \u00e9vek m\u00fal\u00e1s\u00e1val \u00e9s nyomtat\u00e1si tapasztalataink b\u0151v\u00fcl\u00e9s\u00e9vel egyre bonyolultabb alkatr\u00e9szeket, modelleket tudunk megval\u00f3s\u00edtani, t\u00f6bbf\u00e9le anyagb\u00f3l.<br \/>\nSzabad kapacit\u00e1sunknak megfelel\u0151en sz\u00edvesen v\u00e1llaljuk protot\u00edpusok, modellek, alkatr\u00e9szek elk\u00e9sz\u00edt\u00e9s\u00e9t 3D-s tervek alapj\u00e1n. C\u00e9g\u00fcnk \u00fczletpolitik\u00e1j\u00e1nak megfelel\u0151en ebben a tev\u00e9kenys\u00e9gben is t\u00f6reksz\u00fcnk a megrendel\u0151inkkel kialak\u00edtani egy j\u00f3 el\u0151remutat\u00f3 kapcsolatot, hogy k\u00f6z\u00f6sen a legjobbat tudjuk kihozni egy adott feladatb\u00f3l.<\/p>\n<p>&nbsp;<\/p>\n","protected":false},"excerpt":{"rendered":"<p>Tev\u00e9kenys\u00e9geink sor\u00e1n t\u00f6bbsz\u00f6r felmer\u00fclt egy speci\u00e1lis vagy egyedi kialak\u00edt\u00e1s\u00fa alkatr\u00e9sz elk\u00e9sz\u00edt\u00e9se. Legyen az egy pici elemr\u00f6gz\u00edt\u0151 vagy egy nagyobb ipari berendez\u00e9shez val\u00f3 tart\u00f3konzol egy ipari berendez\u00e9shez. Erre a legk\u00e9zenfekv\u0151bb megold\u00e1s\u00e1nak a 3D nyomtat\u00e1s \u00edg\u00e9rkezett, ez\u00e9rt elkezdt\u00fcnk foglalkozni a megfelel\u0151 nyomtat\u00f3 \u00e9s tud\u00e1s be- \u00e9s megszerz\u00e9s\u00e9vel. Azt gondoljuk, hogy a technol\u00f3giai fejl\u0151d\u00e9s egy\u00e9rtelm\u0171en ebbe az ir\u00e1nyba [&hellip;]<\/p>\n","protected":false},"author":1,"featured_media":0,"parent":0,"menu_order":0,"comment_status":"closed","ping_status":"closed","template":"","meta":{"footnotes":""},"class_list":["post-106","page","type-page","status-publish","hentry"],"yoast_head":"<!-- This site is optimized with the Yoast SEO plugin v27.6 - https:\/\/yoast.com\/product\/yoast-seo-wordpress\/ -->\n<title>3D nyomtat\u00e1s - Neomax<\/title>\n<meta name=\"robots\" content=\"index, follow, max-snippet:-1, max-image-preview:large, max-video-preview:-1\" \/>\n<link rel=\"canonical\" href=\"https:\/\/www.neomax.hu\/index.php\/3d-nyomtatas\/\" \/>\n<meta property=\"og:locale\" content=\"hu_HU\" \/>\n<meta property=\"og:type\" content=\"article\" \/>\n<meta property=\"og:title\" content=\"3D nyomtat\u00e1s - Neomax\" \/>\n<meta property=\"og:description\" content=\"Tev\u00e9kenys\u00e9geink sor\u00e1n t\u00f6bbsz\u00f6r felmer\u00fclt egy speci\u00e1lis vagy egyedi kialak\u00edt\u00e1s\u00fa alkatr\u00e9sz elk\u00e9sz\u00edt\u00e9se. Legyen az egy pici elemr\u00f6gz\u00edt\u0151 vagy egy nagyobb ipari berendez\u00e9shez val\u00f3 tart\u00f3konzol egy ipari berendez\u00e9shez. Erre a legk\u00e9zenfekv\u0151bb megold\u00e1s\u00e1nak a 3D nyomtat\u00e1s \u00edg\u00e9rkezett, ez\u00e9rt elkezdt\u00fcnk foglalkozni a megfelel\u0151 nyomtat\u00f3 \u00e9s tud\u00e1s be- \u00e9s megszerz\u00e9s\u00e9vel. Azt gondoljuk, hogy a technol\u00f3giai fejl\u0151d\u00e9s egy\u00e9rtelm\u0171en ebbe az ir\u00e1nyba [&hellip;]\" \/>\n<meta property=\"og:url\" content=\"https:\/\/www.neomax.hu\/index.php\/3d-nyomtatas\/\" \/>\n<meta property=\"og:site_name\" content=\"Neomax\" \/>\n<meta name=\"twitter:card\" content=\"summary_large_image\" \/>\n<meta name=\"twitter:label1\" content=\"Becs\u00fclt olvas\u00e1si id\u0151\" \/>\n\t<meta name=\"twitter:data1\" content=\"1 perc\" \/>\n<script type=\"application\/ld+json\" class=\"yoast-schema-graph\">{\"@context\":\"https:\\\/\\\/schema.org\",\"@graph\":[{\"@type\":\"WebPage\",\"@id\":\"https:\\\/\\\/www.neomax.hu\\\/index.php\\\/3d-nyomtatas\\\/\",\"url\":\"https:\\\/\\\/www.neomax.hu\\\/index.php\\\/3d-nyomtatas\\\/\",\"name\":\"3D nyomtat\u00e1s - Neomax\",\"isPartOf\":{\"@id\":\"https:\\\/\\\/www.neomax.hu\\\/#website\"},\"datePublished\":\"2024-03-15T15:14:22+00:00\",\"breadcrumb\":{\"@id\":\"https:\\\/\\\/www.neomax.hu\\\/index.php\\\/3d-nyomtatas\\\/#breadcrumb\"},\"inLanguage\":\"hu\",\"potentialAction\":[{\"@type\":\"ReadAction\",\"target\":[\"https:\\\/\\\/www.neomax.hu\\\/index.php\\\/3d-nyomtatas\\\/\"]}]},{\"@type\":\"BreadcrumbList\",\"@id\":\"https:\\\/\\\/www.neomax.hu\\\/index.php\\\/3d-nyomtatas\\\/#breadcrumb\",\"itemListElement\":[{\"@type\":\"ListItem\",\"position\":1,\"name\":\"Kezd\u0151lap\",\"item\":\"https:\\\/\\\/www.neomax.hu\\\/\"},{\"@type\":\"ListItem\",\"position\":2,\"name\":\"3D nyomtat\u00e1s\"}]},{\"@type\":\"WebSite\",\"@id\":\"https:\\\/\\\/www.neomax.hu\\\/#website\",\"url\":\"https:\\\/\\\/www.neomax.hu\\\/\",\"name\":\"Neomax\",\"description\":\"Kereskedelmi \u00e9s Szolg\u00e1ltat\u00f3 Kft.\",\"publisher\":{\"@id\":\"https:\\\/\\\/www.neomax.hu\\\/#organization\"},\"potentialAction\":[{\"@type\":\"SearchAction\",\"target\":{\"@type\":\"EntryPoint\",\"urlTemplate\":\"https:\\\/\\\/www.neomax.hu\\\/?s={search_term_string}\"},\"query-input\":{\"@type\":\"PropertyValueSpecification\",\"valueRequired\":true,\"valueName\":\"search_term_string\"}}],\"inLanguage\":\"hu\"},{\"@type\":\"Organization\",\"@id\":\"https:\\\/\\\/www.neomax.hu\\\/#organization\",\"name\":\"Neomax Kft\",\"url\":\"https:\\\/\\\/www.neomax.hu\\\/\",\"logo\":{\"@type\":\"ImageObject\",\"inLanguage\":\"hu\",\"@id\":\"https:\\\/\\\/www.neomax.hu\\\/#\\\/schema\\\/logo\\\/image\\\/\",\"url\":\"https:\\\/\\\/www.neomax.hu\\\/wp-content\\\/uploads\\\/2022\\\/09\\\/Neomax-logo-kek-2.png\",\"contentUrl\":\"https:\\\/\\\/www.neomax.hu\\\/wp-content\\\/uploads\\\/2022\\\/09\\\/Neomax-logo-kek-2.png\",\"width\":397,\"height\":44,\"caption\":\"Neomax Kft\"},\"image\":{\"@id\":\"https:\\\/\\\/www.neomax.hu\\\/#\\\/schema\\\/logo\\\/image\\\/\"}}]}<\/script>\n<!-- \/ Yoast SEO plugin. -->","yoast_head_json":{"title":"3D nyomtat\u00e1s - Neomax","robots":{"index":"index","follow":"follow","max-snippet":"max-snippet:-1","max-image-preview":"max-image-preview:large","max-video-preview":"max-video-preview:-1"},"canonical":"https:\/\/www.neomax.hu\/index.php\/3d-nyomtatas\/","og_locale":"hu_HU","og_type":"article","og_title":"3D nyomtat\u00e1s - Neomax","og_description":"Tev\u00e9kenys\u00e9geink sor\u00e1n t\u00f6bbsz\u00f6r felmer\u00fclt egy speci\u00e1lis vagy egyedi kialak\u00edt\u00e1s\u00fa alkatr\u00e9sz elk\u00e9sz\u00edt\u00e9se. Legyen az egy pici elemr\u00f6gz\u00edt\u0151 vagy egy nagyobb ipari berendez\u00e9shez val\u00f3 tart\u00f3konzol egy ipari berendez\u00e9shez. Erre a legk\u00e9zenfekv\u0151bb megold\u00e1s\u00e1nak a 3D nyomtat\u00e1s \u00edg\u00e9rkezett, ez\u00e9rt elkezdt\u00fcnk foglalkozni a megfelel\u0151 nyomtat\u00f3 \u00e9s tud\u00e1s be- \u00e9s megszerz\u00e9s\u00e9vel. Azt gondoljuk, hogy a technol\u00f3giai fejl\u0151d\u00e9s egy\u00e9rtelm\u0171en ebbe az ir\u00e1nyba [&hellip;]","og_url":"https:\/\/www.neomax.hu\/index.php\/3d-nyomtatas\/","og_site_name":"Neomax","twitter_card":"summary_large_image","twitter_misc":{"Becs\u00fclt olvas\u00e1si id\u0151":"1 perc"},"schema":{"@context":"https:\/\/schema.org","@graph":[{"@type":"WebPage","@id":"https:\/\/www.neomax.hu\/index.php\/3d-nyomtatas\/","url":"https:\/\/www.neomax.hu\/index.php\/3d-nyomtatas\/","name":"3D nyomtat\u00e1s - Neomax","isPartOf":{"@id":"https:\/\/www.neomax.hu\/#website"},"datePublished":"2024-03-15T15:14:22+00:00","breadcrumb":{"@id":"https:\/\/www.neomax.hu\/index.php\/3d-nyomtatas\/#breadcrumb"},"inLanguage":"hu","potentialAction":[{"@type":"ReadAction","target":["https:\/\/www.neomax.hu\/index.php\/3d-nyomtatas\/"]}]},{"@type":"BreadcrumbList","@id":"https:\/\/www.neomax.hu\/index.php\/3d-nyomtatas\/#breadcrumb","itemListElement":[{"@type":"ListItem","position":1,"name":"Kezd\u0151lap","item":"https:\/\/www.neomax.hu\/"},{"@type":"ListItem","position":2,"name":"3D nyomtat\u00e1s"}]},{"@type":"WebSite","@id":"https:\/\/www.neomax.hu\/#website","url":"https:\/\/www.neomax.hu\/","name":"Neomax","description":"Kereskedelmi \u00e9s Szolg\u00e1ltat\u00f3 Kft.","publisher":{"@id":"https:\/\/www.neomax.hu\/#organization"},"potentialAction":[{"@type":"SearchAction","target":{"@type":"EntryPoint","urlTemplate":"https:\/\/www.neomax.hu\/?s={search_term_string}"},"query-input":{"@type":"PropertyValueSpecification","valueRequired":true,"valueName":"search_term_string"}}],"inLanguage":"hu"},{"@type":"Organization","@id":"https:\/\/www.neomax.hu\/#organization","name":"Neomax Kft","url":"https:\/\/www.neomax.hu\/","logo":{"@type":"ImageObject","inLanguage":"hu","@id":"https:\/\/www.neomax.hu\/#\/schema\/logo\/image\/","url":"https:\/\/www.neomax.hu\/wp-content\/uploads\/2022\/09\/Neomax-logo-kek-2.png","contentUrl":"https:\/\/www.neomax.hu\/wp-content\/uploads\/2022\/09\/Neomax-logo-kek-2.png","width":397,"height":44,"caption":"Neomax Kft"},"image":{"@id":"https:\/\/www.neomax.hu\/#\/schema\/logo\/image\/"}}]}},"_links":{"self":[{"href":"https:\/\/www.neomax.hu\/index.php\/wp-json\/wp\/v2\/pages\/106","targetHints":{"allow":["GET"]}}],"collection":[{"href":"https:\/\/www.neomax.hu\/index.php\/wp-json\/wp\/v2\/pages"}],"about":[{"href":"https:\/\/www.neomax.hu\/index.php\/wp-json\/wp\/v2\/types\/page"}],"author":[{"embeddable":true,"href":"https:\/\/www.neomax.hu\/index.php\/wp-json\/wp\/v2\/users\/1"}],"replies":[{"embeddable":true,"href":"https:\/\/www.neomax.hu\/index.php\/wp-json\/wp\/v2\/comments?post=106"}],"version-history":[{"count":1,"href":"https:\/\/www.neomax.hu\/index.php\/wp-json\/wp\/v2\/pages\/106\/revisions"}],"predecessor-version":[{"id":108,"href":"https:\/\/www.neomax.hu\/index.php\/wp-json\/wp\/v2\/pages\/106\/revisions\/108"}],"wp:attachment":[{"href":"https:\/\/www.neomax.hu\/index.php\/wp-json\/wp\/v2\/media?parent=106"}],"curies":[{"name":"wp","href":"https:\/\/api.w.org\/{rel}","templated":true}]}}